{"id":16115,"date":"2022-05-20T12:11:18","date_gmt":"2022-05-20T12:11:18","guid":{"rendered":"https:\/\/tecos.si\/podatki-podjetja\/"},"modified":"2022-12-08T09:30:58","modified_gmt":"2022-12-08T09:30:58","slug":"company-information","status":"publish","type":"page","link":"https:\/\/tecos.si\/en\/company-information\/","title":{"rendered":"Company information"},"content":{"rendered":"<p>[vc_row kd_background_image_position=&#8221;vc_row-bg-position-top&#8221; css_tablet_landscape=&#8221;.vc_custom_1653048924014{padding-top: 30px !important;}&#8221; css=&#8221;.vc_custom_1653048924014{padding-top: 50px !important;}&#8221;][vc_column]\n    <h3 class=\"wpdt-c\"\n        id=\"wdt-table-title-4\">Business card<\/h3>\n<div class=\"wpdt-c row wpDataTableContainerSimpleTable wpDataTables wpDataTablesWrapper\n\"\n    >\n        <table id=\"wpdtSimpleTable-4\"\n           style=\"border-collapse:collapse;\n                   border-spacing:0px;\"\n           class=\"wpdtSimpleTable wpDataTable\"\n           data-column=\"2\"\n           data-rows=\"12\"\n           data-wpID=\"4\"\n           data-responsive=\"0\"\n           data-has-header=\"0\">\n\n                    <tbody>        <tr class=\"wpdt-cell-row \" >\n                                <td class=\"wpdt-cell wpdt-align-left wpdt-bold\"\n                                            data-cell-id=\"A1\"\n                    data-col-index=\"0\"\n                    data-row-index=\"0\"\n                    style=\" width:50%;                    padding:10px;\n                    \"\n                    >\n                                        Company:                    <\/td>\n                                                <td class=\"wpdt-cell wpdt-align-left\"\n                                            data-cell-id=\"B1\"\n                    data-col-index=\"1\"\n                    data-row-index=\"0\"\n                    style=\" width:50%;                    padding:10px;\n                    \"\n                    >\n                                        TECOS Slovenian Tool and Die Development Centre                    <\/td>\n                                        <\/tr>\n                            <tr class=\"wpdt-cell-row \" >\n                                <td class=\"wpdt-cell wpdt-align-left wpdt-bold\"\n                                            data-cell-id=\"A2\"\n                    data-col-index=\"0\"\n                    data-row-index=\"1\"\n                    style=\"                    padding:10px;\n                    \"\n                    >\n                                        Acronym:                    <\/td>\n                                                <td class=\"wpdt-cell wpdt-align-left\"\n                                            data-cell-id=\"B2\"\n                    data-col-index=\"1\"\n                    data-row-index=\"1\"\n                    style=\"                    padding:10px;\n                    \"\n                    >\n                                        TECOS                    <\/td>\n                                        <\/tr>\n                            <tr class=\"wpdt-cell-row \" >\n                                <td class=\"wpdt-cell wpdt-align-left wpdt-bold\"\n                                            data-cell-id=\"A3\"\n                    data-col-index=\"0\"\n                    data-row-index=\"2\"\n                    style=\"                    padding:10px;\n                    \"\n                    >\n                                        Address:                    <\/td>\n                                                <td class=\"wpdt-cell wpdt-align-left\"\n                                            data-cell-id=\"B3\"\n                    data-col-index=\"1\"\n                    data-row-index=\"2\"\n                    style=\"                    padding:10px;\n                    \"\n                    >\n                                        Kidri\u010deva ulica 25, SI-3000 Celje, Slovenija                    <\/td>\n                                        <\/tr>\n                            <tr class=\"wpdt-cell-row \" >\n                                <td class=\"wpdt-cell wpdt-align-left wpdt-bold\"\n                                            data-cell-id=\"A4\"\n                    data-col-index=\"0\"\n                    data-row-index=\"3\"\n                    style=\"                    padding:10px;\n                    \"\n                    >\n                                        Registration number:                    <\/td>\n                                                <td class=\"wpdt-cell wpdt-align-left\"\n                                            data-cell-id=\"B4\"\n                    data-col-index=\"1\"\n                    data-row-index=\"3\"\n                    style=\"                    padding:10px;\n                    \"\n                    >\n                                        5865018000                    <\/td>\n                                        <\/tr>\n                            <tr class=\"wpdt-cell-row \" >\n                                <td class=\"wpdt-cell wpdt-align-left wpdt-bold\"\n                                            data-cell-id=\"A5\"\n                    data-col-index=\"0\"\n                    data-row-index=\"4\"\n                    style=\"                    padding:10px;\n                    \"\n                    >\n                                        Tax number:                    <\/td>\n                                                <td class=\"wpdt-cell wpdt-align-left\"\n                                            data-cell-id=\"B5\"\n                    data-col-index=\"1\"\n                    data-row-index=\"4\"\n                    style=\"                    padding:10px;\n                    \"\n                    >\n                                        SI 70378193                    <\/td>\n                                        <\/tr>\n                            <tr class=\"wpdt-cell-row \" >\n                                <td class=\"wpdt-cell wpdt-align-left wpdt-bold\"\n                                            data-cell-id=\"A6\"\n                    data-col-index=\"0\"\n                    data-row-index=\"5\"\n                    style=\"                    padding:10px;\n                    \"\n                    >\n                                        IBAN 1:                    <\/td>\n                                                <td class=\"wpdt-cell wpdt-align-left\"\n                                            data-cell-id=\"B6\"\n                    data-col-index=\"1\"\n                    data-row-index=\"5\"\n                    style=\"                    padding:10px;\n                    \"\n                    >\n                                        IBAN SI56 6000 0000 0668 110 \/ SWIFT HLONSI22\nHranilnica LON d.d., \u017danova 3, 4000 Kranj                    <\/td>\n                                        <\/tr>\n                            <tr class=\"wpdt-cell-row \" >\n                                <td class=\"wpdt-cell wpdt-align-left wpdt-bold\"\n                                            data-cell-id=\"A7\"\n                    data-col-index=\"0\"\n                    data-row-index=\"6\"\n                    style=\"                    padding:10px;\n                    \"\n                    >\n                                        IBAN 2:                    <\/td>\n                                                <td class=\"wpdt-cell wpdt-align-left\"\n                                            data-cell-id=\"B7\"\n                    data-col-index=\"1\"\n                    data-row-index=\"6\"\n                    style=\"                    padding:10px;\n                    \"\n                    >\n                                        IBAN SI56 0279 7026 3267 709 \/ SWIFT LJBASI2X\nNLB d.d.                    <\/td>\n                                        <\/tr>\n                            <tr class=\"wpdt-cell-row \" >\n                                <td class=\"wpdt-cell wpdt-align-left wpdt-bold\"\n                                            data-cell-id=\"A8\"\n                    data-col-index=\"0\"\n                    data-row-index=\"7\"\n                    style=\"                    padding:10px;\n                    \"\n                    >\n                                        Managing director:                    <\/td>\n                                                <td class=\"wpdt-cell wpdt-align-left\"\n                                            data-cell-id=\"B8\"\n                    data-col-index=\"1\"\n                    data-row-index=\"7\"\n                    style=\"                    padding:10px;\n                    \"\n                    >\n                                        Dr. Ale\u0161 Han\u010di\u010d                    <\/td>\n                                        <\/tr>\n                            <tr class=\"wpdt-cell-row \" >\n                                <td class=\"wpdt-cell wpdt-align-left wpdt-bold\"\n                                            data-cell-id=\"A9\"\n                    data-col-index=\"0\"\n                    data-row-index=\"8\"\n                    style=\"                    padding:10px;\n                    \"\n                    >\n                                        E-mail:                    <\/td>\n                                                <td class=\"wpdt-cell wpdt-align-left\"\n                                            data-cell-id=\"B9\"\n                    data-col-index=\"1\"\n                    data-row-index=\"8\"\n                    style=\"                    padding:10px;\n                    \"\n                    >\n                                        spela.bordon@tecos.si                    <\/td>\n                                        <\/tr>\n                            <tr class=\"wpdt-cell-row \" >\n                                <td class=\"wpdt-cell wpdt-align-left wpdt-bold\"\n                                            data-cell-id=\"A10\"\n                    data-col-index=\"0\"\n                    data-row-index=\"9\"\n                    style=\"                    padding:10px;\n                    \"\n                    >\n                                        Phone:                    <\/td>\n                                                <td class=\"wpdt-cell wpdt-align-left\"\n                                            data-cell-id=\"B10\"\n                    data-col-index=\"1\"\n                    data-row-index=\"9\"\n                    style=\"                    padding:10px;\n                    \"\n                    >\n                                        (03) 490 09 20                    <\/td>\n                                        <\/tr>\n                            <tr class=\"wpdt-cell-row \" >\n                                <td class=\"wpdt-cell wpdt-align-left wpdt-bold\"\n                                            data-cell-id=\"A11\"\n                    data-col-index=\"0\"\n                    data-row-index=\"10\"\n                    style=\"                    padding:10px;\n                    \"\n                    >\n                                        Fax:                    <\/td>\n                                                <td class=\"wpdt-cell wpdt-align-left\"\n                                            data-cell-id=\"B11\"\n                    data-col-index=\"1\"\n                    data-row-index=\"10\"\n                    style=\"                    padding:10px;\n                    \"\n                    >\n                                        (03) 426 46 11                    <\/td>\n                                        <\/tr>\n                            <tr class=\"wpdt-cell-row \" >\n                                <td class=\"wpdt-cell wpdt-align-left wpdt-bold\"\n                                            data-cell-id=\"A12\"\n                    data-col-index=\"0\"\n                    data-row-index=\"11\"\n                    style=\"                    padding:10px;\n                    \"\n                    >\n                                        PIC                    <\/td>\n                                                <td class=\"wpdt-cell wpdt-align-left\"\n                                            data-cell-id=\"B12\"\n                    data-col-index=\"1\"\n                    data-row-index=\"11\"\n                    style=\"                    padding:10px;\n                    \"\n                    >\n                                        999539993                    <\/td>\n                                        <\/tr>\n                    <\/table>\n<\/div><style id='wpdt-custom-style-4'>\n<\/style>\n[\/vc_column][\/vc_row]<\/p>\n","protected":false},"excerpt":{"rendered":"<p>[vc_row kd_background_image_position=&#8221;vc_row-bg-position-top&#8221; css_tablet_landscape=&#8221;.vc_custom_1653048924014{padding-top: 30px !important;}&#8221; css=&#8221;.vc_custom_1653048924014{padding-top: 50px !important;}&#8221;][vc_column][\/vc_column][\/vc_row]<\/p>\n","protected":false},"author":1,"featured_media":13816,"parent":0,"menu_order":0,"comment_status":"closed","ping_status":"closed","template":"","meta":{"inline_featured_image":false,"footnotes":""},"class_list":["post-16115","page","type-page","status-publish","has-post-thumbnail","hentry"],"yoast_head":"<!-- This site is optimized with the Yoast SEO plugin v22.8 - https:\/\/yoast.com\/wordpress\/plugins\/seo\/ -->\n<title>Company information - TECOS<\/title>\n<meta name=\"robots\" content=\"index, follow, max-snippet:-1, max-image-preview:large, max-video-preview:-1\" \/>\n<link rel=\"canonical\" href=\"https:\/\/tecos.si\/en\/company-information\/\" \/>\n<meta property=\"og:locale\" content=\"en_US\" \/>\n<meta property=\"og:type\" content=\"article\" \/>\n<meta property=\"og:title\" content=\"Company information - TECOS\" \/>\n<meta property=\"og:description\" content=\"[vc_row kd_background_image_position=&#8221;vc_row-bg-position-top&#8221; css_tablet_landscape=&#8221;.vc_custom_1653048924014{padding-top: 30px !important;}&#8221; css=&#8221;.vc_custom_1653048924014{padding-top: 50px !important;}&#8221;][vc_column][\/vc_column][\/vc_row]\" \/>\n<meta property=\"og:url\" content=\"https:\/\/tecos.si\/en\/company-information\/\" \/>\n<meta property=\"og:site_name\" content=\"TECOS\" \/>\n<meta property=\"article:modified_time\" content=\"2022-12-08T09:30:58+00:00\" \/>\n<meta property=\"og:image\" content=\"https:\/\/tecos.si\/wp-content\/uploads\/2022\/03\/Component-17.jpg\" \/>\n\t<meta property=\"og:image:width\" content=\"2560\" \/>\n\t<meta property=\"og:image:height\" content=\"1599\" \/>\n\t<meta property=\"og:image:type\" content=\"image\/jpeg\" \/>\n<meta name=\"twitter:card\" content=\"summary_large_image\" \/>\n<meta name=\"twitter:label1\" content=\"Est. reading time\" \/>\n\t<meta name=\"twitter:data1\" content=\"1 minute\" \/>\n<script type=\"application\/ld+json\" class=\"yoast-schema-graph\">{\"@context\":\"https:\/\/schema.org\",\"@graph\":[{\"@type\":\"WebPage\",\"@id\":\"https:\/\/tecos.si\/en\/company-information\/\",\"url\":\"https:\/\/tecos.si\/en\/company-information\/\",\"name\":\"Company information - TECOS\",\"isPartOf\":{\"@id\":\"https:\/\/tecos.si\/#website\"},\"primaryImageOfPage\":{\"@id\":\"https:\/\/tecos.si\/en\/company-information\/#primaryimage\"},\"image\":{\"@id\":\"https:\/\/tecos.si\/en\/company-information\/#primaryimage\"},\"thumbnailUrl\":\"https:\/\/tecos.si\/wp-content\/uploads\/2022\/03\/Component-17.jpg\",\"datePublished\":\"2022-05-20T12:11:18+00:00\",\"dateModified\":\"2022-12-08T09:30:58+00:00\",\"breadcrumb\":{\"@id\":\"https:\/\/tecos.si\/en\/company-information\/#breadcrumb\"},\"inLanguage\":\"en-US\",\"potentialAction\":[{\"@type\":\"ReadAction\",\"target\":[\"https:\/\/tecos.si\/en\/company-information\/\"]}]},{\"@type\":\"ImageObject\",\"inLanguage\":\"en-US\",\"@id\":\"https:\/\/tecos.si\/en\/company-information\/#primaryimage\",\"url\":\"https:\/\/tecos.si\/wp-content\/uploads\/2022\/03\/Component-17.jpg\",\"contentUrl\":\"https:\/\/tecos.si\/wp-content\/uploads\/2022\/03\/Component-17.jpg\",\"width\":2560,\"height\":1599},{\"@type\":\"BreadcrumbList\",\"@id\":\"https:\/\/tecos.si\/en\/company-information\/#breadcrumb\",\"itemListElement\":[{\"@type\":\"ListItem\",\"position\":1,\"name\":\"Home\",\"item\":\"https:\/\/tecos.si\/en\/\"},{\"@type\":\"ListItem\",\"position\":2,\"name\":\"Company information\"}]},{\"@type\":\"WebSite\",\"@id\":\"https:\/\/tecos.si\/#website\",\"url\":\"https:\/\/tecos.si\/\",\"name\":\"TECOS\",\"description\":\"Celovite re\u0161itve za industrijo.\",\"publisher\":{\"@id\":\"https:\/\/tecos.si\/#organization\"},\"potentialAction\":[{\"@type\":\"SearchAction\",\"target\":{\"@type\":\"EntryPoint\",\"urlTemplate\":\"https:\/\/tecos.si\/?s={search_term_string}\"},\"query-input\":\"required name=search_term_string\"}],\"inLanguage\":\"en-US\"},{\"@type\":\"Organization\",\"@id\":\"https:\/\/tecos.si\/#organization\",\"name\":\"Tecos\",\"url\":\"https:\/\/tecos.si\/\",\"logo\":{\"@type\":\"ImageObject\",\"inLanguage\":\"en-US\",\"@id\":\"https:\/\/tecos.si\/#\/schema\/logo\/image\/\",\"url\":\"https:\/\/tecos.si\/wp-content\/uploads\/2022\/05\/cropped-Nov-Projekt-30.png\",\"contentUrl\":\"https:\/\/tecos.si\/wp-content\/uploads\/2022\/05\/cropped-Nov-Projekt-30.png\",\"width\":512,\"height\":512,\"caption\":\"Tecos\"},\"image\":{\"@id\":\"https:\/\/tecos.si\/#\/schema\/logo\/image\/\"}}]}<\/script>\n<!-- \/ Yoast SEO plugin. -->","yoast_head_json":{"title":"Company information - TECOS","robots":{"index":"index","follow":"follow","max-snippet":"max-snippet:-1","max-image-preview":"max-image-preview:large","max-video-preview":"max-video-preview:-1"},"canonical":"https:\/\/tecos.si\/en\/company-information\/","og_locale":"en_US","og_type":"article","og_title":"Company information - TECOS","og_description":"[vc_row kd_background_image_position=&#8221;vc_row-bg-position-top&#8221; css_tablet_landscape=&#8221;.vc_custom_1653048924014{padding-top: 30px !important;}&#8221; css=&#8221;.vc_custom_1653048924014{padding-top: 50px !important;}&#8221;][vc_column][\/vc_column][\/vc_row]","og_url":"https:\/\/tecos.si\/en\/company-information\/","og_site_name":"TECOS","article_modified_time":"2022-12-08T09:30:58+00:00","og_image":[{"width":2560,"height":1599,"url":"https:\/\/tecos.si\/wp-content\/uploads\/2022\/03\/Component-17.jpg","type":"image\/jpeg"}],"twitter_card":"summary_large_image","twitter_misc":{"Est. reading time":"1 minute"},"schema":{"@context":"https:\/\/schema.org","@graph":[{"@type":"WebPage","@id":"https:\/\/tecos.si\/en\/company-information\/","url":"https:\/\/tecos.si\/en\/company-information\/","name":"Company information - TECOS","isPartOf":{"@id":"https:\/\/tecos.si\/#website"},"primaryImageOfPage":{"@id":"https:\/\/tecos.si\/en\/company-information\/#primaryimage"},"image":{"@id":"https:\/\/tecos.si\/en\/company-information\/#primaryimage"},"thumbnailUrl":"https:\/\/tecos.si\/wp-content\/uploads\/2022\/03\/Component-17.jpg","datePublished":"2022-05-20T12:11:18+00:00","dateModified":"2022-12-08T09:30:58+00:00","breadcrumb":{"@id":"https:\/\/tecos.si\/en\/company-information\/#breadcrumb"},"inLanguage":"en-US","potentialAction":[{"@type":"ReadAction","target":["https:\/\/tecos.si\/en\/company-information\/"]}]},{"@type":"ImageObject","inLanguage":"en-US","@id":"https:\/\/tecos.si\/en\/company-information\/#primaryimage","url":"https:\/\/tecos.si\/wp-content\/uploads\/2022\/03\/Component-17.jpg","contentUrl":"https:\/\/tecos.si\/wp-content\/uploads\/2022\/03\/Component-17.jpg","width":2560,"height":1599},{"@type":"BreadcrumbList","@id":"https:\/\/tecos.si\/en\/company-information\/#breadcrumb","itemListElement":[{"@type":"ListItem","position":1,"name":"Home","item":"https:\/\/tecos.si\/en\/"},{"@type":"ListItem","position":2,"name":"Company information"}]},{"@type":"WebSite","@id":"https:\/\/tecos.si\/#website","url":"https:\/\/tecos.si\/","name":"TECOS","description":"Celovite re\u0161itve za industrijo.","publisher":{"@id":"https:\/\/tecos.si\/#organization"},"potentialAction":[{"@type":"SearchAction","target":{"@type":"EntryPoint","urlTemplate":"https:\/\/tecos.si\/?s={search_term_string}"},"query-input":"required name=search_term_string"}],"inLanguage":"en-US"},{"@type":"Organization","@id":"https:\/\/tecos.si\/#organization","name":"Tecos","url":"https:\/\/tecos.si\/","logo":{"@type":"ImageObject","inLanguage":"en-US","@id":"https:\/\/tecos.si\/#\/schema\/logo\/image\/","url":"https:\/\/tecos.si\/wp-content\/uploads\/2022\/05\/cropped-Nov-Projekt-30.png","contentUrl":"https:\/\/tecos.si\/wp-content\/uploads\/2022\/05\/cropped-Nov-Projekt-30.png","width":512,"height":512,"caption":"Tecos"},"image":{"@id":"https:\/\/tecos.si\/#\/schema\/logo\/image\/"}}]}},"_links":{"self":[{"href":"https:\/\/tecos.si\/en\/wp-json\/wp\/v2\/pages\/16115","targetHints":{"allow":["GET"]}}],"collection":[{"href":"https:\/\/tecos.si\/en\/wp-json\/wp\/v2\/pages"}],"about":[{"href":"https:\/\/tecos.si\/en\/wp-json\/wp\/v2\/types\/page"}],"author":[{"embeddable":true,"href":"https:\/\/tecos.si\/en\/wp-json\/wp\/v2\/users\/1"}],"replies":[{"embeddable":true,"href":"https:\/\/tecos.si\/en\/wp-json\/wp\/v2\/comments?post=16115"}],"version-history":[{"count":9,"href":"https:\/\/tecos.si\/en\/wp-json\/wp\/v2\/pages\/16115\/revisions"}],"predecessor-version":[{"id":16309,"href":"https:\/\/tecos.si\/en\/wp-json\/wp\/v2\/pages\/16115\/revisions\/16309"}],"wp:featuredmedia":[{"embeddable":true,"href":"https:\/\/tecos.si\/en\/wp-json\/wp\/v2\/media\/13816"}],"wp:attachment":[{"href":"https:\/\/tecos.si\/en\/wp-json\/wp\/v2\/media?parent=16115"}],"curies":[{"name":"wp","href":"https:\/\/api.w.org\/{rel}","templated":true}]}}