{"id":14293,"date":"2022-06-29T07:08:25","date_gmt":"2022-06-29T07:08:25","guid":{"rendered":"https:\/\/tecos.si\/?page_id=14293"},"modified":"2022-06-29T07:14:36","modified_gmt":"2022-06-29T07:14:36","slug":"dih-industry","status":"publish","type":"page","link":"https:\/\/tecos.si\/en\/dih-industry\/","title":{"rendered":"DIH Industry"},"content":{"rendered":"<p>[vc_row kd_background_image_position=&#8221;vc_row-bg-position-top&#8221; css=&#8221;.vc_custom_1640091266041{padding-top: 40px !important;padding-right: 70px !important;padding-left: 70px !important;}&#8221;][vc_column]<header class=\"kd-section-title col-lg-12 text-left  subtitle-below-title kd-animated fadeIn   vc_custom_1656486115006\" data-animation-delay=200><h2 class=\"separator_off\" >Digital Innovation Hub Industry at TECOS (DIH INDUSTRY)<\/h2><\/header>[vc_row_inner kd_background_image_position=&#8221;vc_row-bg-position-top&#8221;][vc_column_inner width=&#8221;1\/2&#8243;][vc_column_text]<strong>TECOS recently gathered its long years of experience working with innovators, start-ups and companies and established DIH INDUSTRY. The reasons for the establishment of the DIH are the following:<\/strong><\/p>\n<ul>\n<li>Increased interest from SMEs towards support in prototyping, demonstration and testing, and quick finding of solutions,<\/li>\n<li>Strategic partnership in DIH Slovenia,<\/li>\n<li>Through SRIP Factories of the future further need for development of DEMO facilities<\/li>\n<li>EDIH partnership.<\/li>\n<\/ul>\n<p>The main vision of DIH INDUSTRY is to provide our clients with specialized support services in the development of tool, services, products and solutions towards their transition into Smart and sustainable companies. With that being said we cover the following fields:<\/p>\n<ul>\n<li>Industry 4.0 transition<\/li>\n<li>Circular economy tools.<\/li>\n<\/ul>\n<p>[\/vc_column_text][\/vc_column_inner][vc_column_inner width=&#8221;1\/2&#8243; css=&#8221;.vc_custom_1656485952433{margin-left: 20px !important;padding-top: 280px !important;padding-bottom: 280px !important;padding-left: 20px !important;background-image: url(https:\/\/tecos.si\/wp-content\/uploads\/2022\/06\/21-11-15_mesec_robotika_industrija40_digitalno_sredisce_slovenije-scaled.jpg?id=14295) !important;background-position: center !important;background-repeat: no-repeat !important;background-size: cover !important;}&#8221;][\/vc_column_inner][\/vc_row_inner][\/vc_column][\/vc_row][vc_row content_placement=&#8221;middle&#8221; kd_background_image_position=&#8221;vc_row-bg-position-top&#8221; css=&#8221;.vc_custom_1656486342739{padding-top: 20px !important;padding-right: 70px !important;padding-bottom: 50px !important;padding-left: 70px !important;}&#8221;][vc_column][vc_column_text]<strong>We provide the following services:<\/strong><\/p>\n<ul>\n<li>Connecting Slovenian SMEs in the field of material processing production, industrial and engineering services, toolmaking and moulding.<\/li>\n<li>Creation of national and international value chains,<\/li>\n<li>Support in acquiring funding,<\/li>\n<li>Testing and prototyping,<\/li>\n<li>Training of SMEs in new technologies,<\/li>\n<li>Training of existing and future experts.<\/li>\n<\/ul>\n<p><strong>We work with our internal group of experts covering the following fields:<\/strong><\/p>\n<ul>\n<li>25 experts covering,<\/li>\n<li>Mechanical engineering,<\/li>\n<li>Electrical engineering,<\/li>\n<li>3D printing and scanning,<\/li>\n<li>Moulding technologies,<\/li>\n<li>Fundraising and management,<\/li>\n<li>Business innovation and processes,<\/li>\n<li>And through a wide variety of national and international partners, among others (EFFRA,<\/li>\n<li>Vanguard, JRC S3 platform, ICEI Alliance, DIH Slovenia, DIH 4P, University of Ljubljana, University of Maribor, DIH<sup>2<\/sup>).<\/li>\n<\/ul>\n<p>&nbsp;<\/p>\n<p>For more information please contact us.<\/p>\n<p>[\/vc_column_text][\/vc_column][\/vc_row][vc_row full_width=&#8221;stretch_row&#8221; content_placement=&#8221;middle&#8221; kd_background_image_position=&#8221;vc_row-bg-position-top&#8221; css=&#8221;.vc_custom_1642019946105{margin-bottom: 0px !important;padding-top: 50px !important;padding-right: 70px !important;padding-bottom: 70px !important;padding-left: 150px !important;background-color: #eff3ff !important;background-position: center !important;background-repeat: no-repeat !important;background-size: cover !important;}&#8221;][vc_column width=&#8221;1\/2&#8243;]<header class=\"kd-section-title col-lg-12 text-left  subtitle-below-title kd-animated fadeIn   vc_custom_1656486677022\" data-animation-delay=200><h3 class=\"separator_off\" >Contact<\/h3><h6 class=\"subtitle\" >Ale\u0161 Han\u010di\u010d, managing director<\/h6><\/header><div class=\"key-icon-box icon-default icon-left cont-left ib-no-effect       kd-animated fadeIn\" style=\"background-color: transparent;margin-top:30px;margin-bottom:10px;\" data-animation-delay=200><i class=\"fas fa-phone-alt\" style=\"font-size: 20px;\"><\/i> <h6 class=\"service-heading\" >+386 (0)3 490 09 21<\/h6><\/div><div class=\"key-icon-box icon-default icon-left cont-left ib-no-effect       kd-animated fadeIn\" style=\"background-color: transparent;margin-bottom:45px;\" ><i class=\"fas fa-envelope\" style=\"font-size: 20px;\"><\/i> <h6 class=\"service-heading\" >ales.hancic@tecos.si<\/h6><\/div>[\/vc_column][vc_column width=&#8221;1\/2&#8243;]<a style=\"width: 120px;\" href=\"https:\/\/tecos.si\/en\/company-presentation\/\"  target=\"_blank\"  title=\"\" class=\"tt_button tt_primary_button btn_primary_color  button-center button-action-link\" ><span class=\"prim_text\">Contact<\/span><\/a>[\/vc_column][\/vc_row][vc_row full_width=&#8221;stretch_row&#8221; kd_background_image_position=&#8221;vc_row-bg-position-top&#8221; css=&#8221;.vc_custom_1642019363373{padding-top: 100px !important;}&#8221;][vc_column css=&#8221;.vc_custom_1516008233239{padding-right: 0px !important;padding-left: 0px !important;}&#8221;]<header class=\"kd-section-title col-lg-12 text-center  subtitle-below-title kd-animated fadeIn   vc_custom_1652946771614\" data-animation-delay=200><h2 class=\"separator_off\" >Learn more<\/h2><h6 class=\"subtitle\" >Trainings and membership<\/h6><\/header>[vc_row_inner kd_background_image_position=&#8221;vc_row-bg-position-top&#8221; css=&#8221;.vc_custom_1598637839887{padding-bottom: 30px !important;}&#8221; css_tablet_portrait=&#8221;.vc_custom_1598637839888{padding-bottom: 0px !important;}&#8221; css_mobile=&#8221;.vc_custom_1598637839889{padding-bottom: 0px !important;}&#8221; css_tablet_landscape=&#8221;.vc_custom_1598637839888{padding-bottom: 0px !important;}&#8221;][vc_column_inner width=&#8221;1\/3&#8243;]<div class=\"key-icon-box icon-default icon-left cont-left ib-hover-2 with-shadow      kd-animated fadeInUp\" style=\"background-color: transparent;\" data-animation-delay=400><a href=\"https:\/\/tecos.si\/en\/membership\/\" target=\"_self\"><div class=\"ib-wrapper\" style=\"padding-top:45px;padding-bottom:45px;padding-left:35px;padding-right:35px;\"><i class=\"iconsmind-Money iconsmind-Business-Finance\" style=\"font-size: 40px;font-weight: 400;\"><\/i> <h5 class=\"service-heading\" >Membership<\/h5><\/div><\/a><\/div>[\/vc_column_inner][vc_column_inner width=&#8221;1\/3&#8243;]<div class=\"key-icon-box icon-default icon-left cont-left ib-hover-2 with-shadow      kd-animated fadeInUp\" style=\"background-color: transparent;\" data-animation-delay=200><a href=\"https:\/\/tecos.si\/en\/list-of-members\/\" target=\"_self\"><div class=\"ib-wrapper\" style=\"padding-top:45px;padding-bottom:45px;padding-left:35px;padding-right:35px;\"><i class=\"iconsmind-Big-Data iconsmind-Database\" style=\"font-size: 40px;font-weight: 400;\"><\/i> <h5 class=\"service-heading\" >List of members<\/h5><\/div><\/a><\/div>[\/vc_column_inner][vc_column_inner width=&#8221;1\/3&#8243;]<div class=\"key-icon-box icon-default icon-left cont-left ib-hover-2 with-shadow      kd-animated fadeInUp\" style=\"background-color: transparent;\" ><a href=\"https:\/\/tecos.si\/en\/lecture-hall-rental\/\" target=\"_self\"><div class=\"ib-wrapper\" style=\"padding-top:45px;padding-bottom:45px;padding-left:35px;padding-right:35px;\"><i class=\"iconsmind-Projector iconsmind-Hardware\" style=\"font-size: 40px;font-weight: 400;\"><\/i> <h5 class=\"service-heading\" >Lecture hall rental<\/h5><\/div><\/a><\/div>[\/vc_column_inner][\/vc_row_inner][\/vc_column][\/vc_row]<\/p>\n","protected":false},"excerpt":{"rendered":"<p>[vc_row kd_background_image_position=&#8221;vc_row-bg-position-top&#8221; css=&#8221;.vc_custom_1640091266041{padding-top: 40px !important;padding-right: 70px !important;padding-left: 70px !important;}&#8221;][vc_column][vc_row_inner kd_background_image_position=&#8221;vc_row-bg-position-top&#8221;][vc_column_inner width=&#8221;1\/2&#8243;][vc_column_text]TECOS recently gathered its long years of experience working with [&hellip;]<\/p>\n","protected":false},"author":2,"featured_media":13218,"parent":0,"menu_order":0,"comment_status":"closed","ping_status":"closed","template":"","meta":{"inline_featured_image":false,"footnotes":""},"class_list":["post-14293","page","type-page","status-publish","has-post-thumbnail","hentry"],"yoast_head":"<!-- This site is optimized with the Yoast SEO plugin v22.8 - https:\/\/yoast.com\/wordpress\/plugins\/seo\/ -->\n<title>DIH Industry - TECOS<\/title>\n<meta name=\"robots\" content=\"index, follow, max-snippet:-1, max-image-preview:large, max-video-preview:-1\" \/>\n<link rel=\"canonical\" href=\"https:\/\/tecos.si\/en\/dih-industry\/\" \/>\n<meta property=\"og:locale\" content=\"en_US\" \/>\n<meta property=\"og:type\" content=\"article\" \/>\n<meta property=\"og:title\" content=\"DIH Industry - TECOS\" \/>\n<meta property=\"og:description\" content=\"[vc_row kd_background_image_position=&#8221;vc_row-bg-position-top&#8221; css=&#8221;.vc_custom_1640091266041{padding-top: 40px !important;padding-right: 70px !important;padding-left: 70px !important;}&#8221;][vc_column][vc_row_inner kd_background_image_position=&#8221;vc_row-bg-position-top&#8221;][vc_column_inner width=&#8221;1\/2&#8243;][vc_column_text]TECOS recently gathered its long years of experience working with [&hellip;]\" \/>\n<meta property=\"og:url\" content=\"https:\/\/tecos.si\/en\/dih-industry\/\" \/>\n<meta property=\"og:site_name\" content=\"TECOS\" \/>\n<meta property=\"article:modified_time\" content=\"2022-06-29T07:14:36+00:00\" \/>\n<meta property=\"og:image\" content=\"https:\/\/tecos.si\/wp-content\/uploads\/2021\/12\/Component-22.jpg\" \/>\n\t<meta property=\"og:image:width\" content=\"2560\" \/>\n\t<meta property=\"og:image:height\" content=\"496\" \/>\n\t<meta property=\"og:image:type\" content=\"image\/jpeg\" \/>\n<meta name=\"twitter:card\" content=\"summary_large_image\" \/>\n<meta name=\"twitter:label1\" content=\"Est. reading time\" \/>\n\t<meta name=\"twitter:data1\" content=\"3 minutes\" \/>\n<script type=\"application\/ld+json\" class=\"yoast-schema-graph\">{\"@context\":\"https:\/\/schema.org\",\"@graph\":[{\"@type\":\"WebPage\",\"@id\":\"https:\/\/tecos.si\/en\/dih-industry\/\",\"url\":\"https:\/\/tecos.si\/en\/dih-industry\/\",\"name\":\"DIH Industry - TECOS\",\"isPartOf\":{\"@id\":\"https:\/\/tecos.si\/#website\"},\"primaryImageOfPage\":{\"@id\":\"https:\/\/tecos.si\/en\/dih-industry\/#primaryimage\"},\"image\":{\"@id\":\"https:\/\/tecos.si\/en\/dih-industry\/#primaryimage\"},\"thumbnailUrl\":\"https:\/\/tecos.si\/wp-content\/uploads\/2021\/12\/Component-22.jpg\",\"datePublished\":\"2022-06-29T07:08:25+00:00\",\"dateModified\":\"2022-06-29T07:14:36+00:00\",\"breadcrumb\":{\"@id\":\"https:\/\/tecos.si\/en\/dih-industry\/#breadcrumb\"},\"inLanguage\":\"en-US\",\"potentialAction\":[{\"@type\":\"ReadAction\",\"target\":[\"https:\/\/tecos.si\/en\/dih-industry\/\"]}]},{\"@type\":\"ImageObject\",\"inLanguage\":\"en-US\",\"@id\":\"https:\/\/tecos.si\/en\/dih-industry\/#primaryimage\",\"url\":\"https:\/\/tecos.si\/wp-content\/uploads\/2021\/12\/Component-22.jpg\",\"contentUrl\":\"https:\/\/tecos.si\/wp-content\/uploads\/2021\/12\/Component-22.jpg\",\"width\":2560,\"height\":496},{\"@type\":\"BreadcrumbList\",\"@id\":\"https:\/\/tecos.si\/en\/dih-industry\/#breadcrumb\",\"itemListElement\":[{\"@type\":\"ListItem\",\"position\":1,\"name\":\"Home\",\"item\":\"https:\/\/tecos.si\/en\/\"},{\"@type\":\"ListItem\",\"position\":2,\"name\":\"DIH Industry\"}]},{\"@type\":\"WebSite\",\"@id\":\"https:\/\/tecos.si\/#website\",\"url\":\"https:\/\/tecos.si\/\",\"name\":\"TECOS\",\"description\":\"Celovite re\u0161itve za industrijo.\",\"publisher\":{\"@id\":\"https:\/\/tecos.si\/#organization\"},\"potentialAction\":[{\"@type\":\"SearchAction\",\"target\":{\"@type\":\"EntryPoint\",\"urlTemplate\":\"https:\/\/tecos.si\/?s={search_term_string}\"},\"query-input\":\"required name=search_term_string\"}],\"inLanguage\":\"en-US\"},{\"@type\":\"Organization\",\"@id\":\"https:\/\/tecos.si\/#organization\",\"name\":\"Tecos\",\"url\":\"https:\/\/tecos.si\/\",\"logo\":{\"@type\":\"ImageObject\",\"inLanguage\":\"en-US\",\"@id\":\"https:\/\/tecos.si\/#\/schema\/logo\/image\/\",\"url\":\"https:\/\/tecos.si\/wp-content\/uploads\/2022\/05\/cropped-Nov-Projekt-30.png\",\"contentUrl\":\"https:\/\/tecos.si\/wp-content\/uploads\/2022\/05\/cropped-Nov-Projekt-30.png\",\"width\":512,\"height\":512,\"caption\":\"Tecos\"},\"image\":{\"@id\":\"https:\/\/tecos.si\/#\/schema\/logo\/image\/\"}}]}<\/script>\n<!-- \/ Yoast SEO plugin. -->","yoast_head_json":{"title":"DIH Industry - TECOS","robots":{"index":"index","follow":"follow","max-snippet":"max-snippet:-1","max-image-preview":"max-image-preview:large","max-video-preview":"max-video-preview:-1"},"canonical":"https:\/\/tecos.si\/en\/dih-industry\/","og_locale":"en_US","og_type":"article","og_title":"DIH Industry - TECOS","og_description":"[vc_row kd_background_image_position=&#8221;vc_row-bg-position-top&#8221; css=&#8221;.vc_custom_1640091266041{padding-top: 40px !important;padding-right: 70px !important;padding-left: 70px !important;}&#8221;][vc_column][vc_row_inner kd_background_image_position=&#8221;vc_row-bg-position-top&#8221;][vc_column_inner width=&#8221;1\/2&#8243;][vc_column_text]TECOS recently gathered its long years of experience working with [&hellip;]","og_url":"https:\/\/tecos.si\/en\/dih-industry\/","og_site_name":"TECOS","article_modified_time":"2022-06-29T07:14:36+00:00","og_image":[{"width":2560,"height":496,"url":"https:\/\/tecos.si\/wp-content\/uploads\/2021\/12\/Component-22.jpg","type":"image\/jpeg"}],"twitter_card":"summary_large_image","twitter_misc":{"Est. reading time":"3 minutes"},"schema":{"@context":"https:\/\/schema.org","@graph":[{"@type":"WebPage","@id":"https:\/\/tecos.si\/en\/dih-industry\/","url":"https:\/\/tecos.si\/en\/dih-industry\/","name":"DIH Industry - TECOS","isPartOf":{"@id":"https:\/\/tecos.si\/#website"},"primaryImageOfPage":{"@id":"https:\/\/tecos.si\/en\/dih-industry\/#primaryimage"},"image":{"@id":"https:\/\/tecos.si\/en\/dih-industry\/#primaryimage"},"thumbnailUrl":"https:\/\/tecos.si\/wp-content\/uploads\/2021\/12\/Component-22.jpg","datePublished":"2022-06-29T07:08:25+00:00","dateModified":"2022-06-29T07:14:36+00:00","breadcrumb":{"@id":"https:\/\/tecos.si\/en\/dih-industry\/#breadcrumb"},"inLanguage":"en-US","potentialAction":[{"@type":"ReadAction","target":["https:\/\/tecos.si\/en\/dih-industry\/"]}]},{"@type":"ImageObject","inLanguage":"en-US","@id":"https:\/\/tecos.si\/en\/dih-industry\/#primaryimage","url":"https:\/\/tecos.si\/wp-content\/uploads\/2021\/12\/Component-22.jpg","contentUrl":"https:\/\/tecos.si\/wp-content\/uploads\/2021\/12\/Component-22.jpg","width":2560,"height":496},{"@type":"BreadcrumbList","@id":"https:\/\/tecos.si\/en\/dih-industry\/#breadcrumb","itemListElement":[{"@type":"ListItem","position":1,"name":"Home","item":"https:\/\/tecos.si\/en\/"},{"@type":"ListItem","position":2,"name":"DIH Industry"}]},{"@type":"WebSite","@id":"https:\/\/tecos.si\/#website","url":"https:\/\/tecos.si\/","name":"TECOS","description":"Celovite re\u0161itve za industrijo.","publisher":{"@id":"https:\/\/tecos.si\/#organization"},"potentialAction":[{"@type":"SearchAction","target":{"@type":"EntryPoint","urlTemplate":"https:\/\/tecos.si\/?s={search_term_string}"},"query-input":"required name=search_term_string"}],"inLanguage":"en-US"},{"@type":"Organization","@id":"https:\/\/tecos.si\/#organization","name":"Tecos","url":"https:\/\/tecos.si\/","logo":{"@type":"ImageObject","inLanguage":"en-US","@id":"https:\/\/tecos.si\/#\/schema\/logo\/image\/","url":"https:\/\/tecos.si\/wp-content\/uploads\/2022\/05\/cropped-Nov-Projekt-30.png","contentUrl":"https:\/\/tecos.si\/wp-content\/uploads\/2022\/05\/cropped-Nov-Projekt-30.png","width":512,"height":512,"caption":"Tecos"},"image":{"@id":"https:\/\/tecos.si\/#\/schema\/logo\/image\/"}}]}},"_links":{"self":[{"href":"https:\/\/tecos.si\/en\/wp-json\/wp\/v2\/pages\/14293","targetHints":{"allow":["GET"]}}],"collection":[{"href":"https:\/\/tecos.si\/en\/wp-json\/wp\/v2\/pages"}],"about":[{"href":"https:\/\/tecos.si\/en\/wp-json\/wp\/v2\/types\/page"}],"author":[{"embeddable":true,"href":"https:\/\/tecos.si\/en\/wp-json\/wp\/v2\/users\/2"}],"replies":[{"embeddable":true,"href":"https:\/\/tecos.si\/en\/wp-json\/wp\/v2\/comments?post=14293"}],"version-history":[{"count":11,"href":"https:\/\/tecos.si\/en\/wp-json\/wp\/v2\/pages\/14293\/revisions"}],"predecessor-version":[{"id":14306,"href":"https:\/\/tecos.si\/en\/wp-json\/wp\/v2\/pages\/14293\/revisions\/14306"}],"wp:featuredmedia":[{"embeddable":true,"href":"https:\/\/tecos.si\/en\/wp-json\/wp\/v2\/media\/13218"}],"wp:attachment":[{"href":"https:\/\/tecos.si\/en\/wp-json\/wp\/v2\/media?parent=14293"}],"curies":[{"name":"wp","href":"https:\/\/api.w.org\/{rel}","templated":true}]}}