{"id":18432,"date":"2022-03-22T08:13:35","date_gmt":"2022-03-22T08:13:35","guid":{"rendered":"https:\/\/tecos.si\/geschaeftsbedingungen\/"},"modified":"2023-11-28T21:47:14","modified_gmt":"2023-11-28T21:47:14","slug":"geschaeftsbedingungen","status":"publish","type":"page","link":"https:\/\/tecos.si\/de\/geschaeftsbedingungen\/","title":{"rendered":"Gesch\u00e4ftsbedingungen"},"content":{"rendered":"\n<h2 class=\"wp-block-heading\"><strong>Splo\u0161ni pogoji uporabe spletne strani tecos.si<\/strong><\/h2>\n\n<p>1. <strong>SPLO\u0160NE DOLO\u010cBE<\/strong><\/p>\n\n<p>Ponudnik spletne strani: www.tecos.si<\/p>\n\n<p>Naziv podjetja: TECOS Razvojni center orodjarstva Slovenije<\/p>\n\n<p>Naslov: Kidri\u010deva 25, SI-3000 Celje<\/p>\n\n<p>Mati\u010dna \u0161tevilka: 5865018000<\/p>\n\n<p>Dav\u010dna \u0161tevilka: 70378193<\/p>\n\n<p>Zavezanec za DDV: DA<\/p>\n\n<p>Telefon:+386(0)34900920<\/p>\n\n<p>E-po\u0161ta: info@tecos.si<\/p>\n\n<p>Uporabo spletne strani (brskanje, odpiranje povezav, branje vsebine in podobno) \u0161tejemo kot soglasje obiskovalca spletne strani, da se strinja s temi splo\u0161nimi pogoji uporabe. \u010ce se kot obiskovalec spletne strani ne strinjate s temi splo\u0161nimi pogoji, vas prosimo, da spletne strani ne uporabljate.<\/p>\n\n<p>Ponudnik si pridr\u017euje pravico, da omenjene splo\u0161ne pogoje kadarkoli in brez predhodne najave spremeni, tako da novo razli\u010dico objavi na spletni strani.<\/p>\n\n<p>Ti splo\u0161ni pogoji veljajo za celotno spletno stran in vse njene posamezne dele, kot so razdelki, izdelki, podstrani ali obrazci, v kolikor za posamezen del izrecno ni dolo\u010deno druga\u010de.<\/p>\n\n<p><strong>2. VSEBINE NA SPLETNI STRANI<\/strong><\/p>\n\n<p>Obvestila, prispevki, \u010dlanki, izdelki, besedila in druge vsebine objavljene na spletni strani (v nadaljevanju: vsebine) so nastale z najbolj\u0161im namenom podati obiskovalcem spletne strani (v nadaljevanju: uporabniku) koristne in uporabne vsebine za njihovo delo. Ponudnik sku\u0161a po svojih najbolj\u0161ih mo\u010deh z vzdr\u017eevanjem spletne strani zagotavljati to\u010dnost in pravilnost informacij in vsebin ter zagotoviti pravilno uporabo obrazcev.<\/p>\n\n<p>Ponudnik na spletni strani objavlja predvsem informacije o svojih storitvah in izdelkih ter informacije o svojih dejavnostih. Ponudnik na spletni strani objavlja le informacije, ki so v (neposredni ali posredni) povezavi z uporabniki.<\/p>\n\n<p>V primeru, da se na spletni strani objavi informacija, ki je pridobljena iz drugih virov, se ob njej navede vir oziroma se na to opozori s spletno povezavo do vira.<\/p>\n\n<p>Ponudnik si pridr\u017euje pravico do spreminjanja, dodajanja ali odstranitve vsebin ali obrazcev na spletni strani brez predhodnega opozorila in ne prevzema odgovornosti za kakr\u0161ne koli posledice tak\u0161nih sprememb.<\/p>\n\n<p>Na spletni strani so ob\u010dasno objavljene tudi povezave, ki ka\u017eejo na spletne strani drugih oseb. Na delovanje teh strani in na njihovo vsebino ponudnik ne more vplivati in ne sprejema nikakr\u0161ne odgovornosti za to\u010dnost tam objavljenih informacij in vsebin.<\/p>\n\n<p>Pravila glede omejitve odgovornosti pri uporabi vsebin na spletni strani se nahajajo v to\u010dki 3 teh splo\u0161nih pogojev.<\/p>\n\n<p><strong>3. IZKLJU\u010cITEV ODGOVORNOSTI PRI UPORABI SPLETNE STRANI<\/strong><\/p>\n\n<p>Obiskovalci spletne strani uporabljajo spletno stran, njene dele, vsebine in informacije izklju\u010dno na lastno odgovornost.<\/p>\n\n<p>Ponudnik spletne strani ne prevzema nikakr\u0161ne odgovornosti v primeru, \u010de se spregleda kak\u0161no pomembno informacijo ali drugo vsebino, objavljeno na svetovnem spletu ali posredovano ponudniku v objavo.<\/p>\n\n<p>Ponudnik ne prevzema nikakr\u0161ne odgovornosti za to\u010dnost in pravilnost na spletni strani objavljenih informacij in vsebin, ne prevzema odgovornosti zaradi spremembe \u017ee objavljenih informacij ali vsebin in ne prevzema odgovornosti za morebitno nastalo \u0161kodo, ki bi obiskovalcu spletne strani nastala zaradi uporabe tam objavljenih informacij ali vsebin, vklju\u010dno s \u0161kodo zaradi izgubljenega prihodka ali pri\u010dakovanega dobi\u010dka, izgube ali okrnitve dobrega imena, izgube poslov ali izgube podatkov.<\/p>\n\n<p>4<strong>. PRAVILNIK O ZASEBNOSTI<\/strong><\/p>\n\n<p>Ponudnik varuje osebne podatke obiskovalcev spletne strani, ki mu jih ti posredujejo pri njeni uporabi. Osebne podatke se obdeluje izklju\u010dno za namene, za katere so pridobljeni in ki jih dovoljuje veljavna zakonodaja.<\/p>\n\n<p>Ponudnik se zavezuje, da ne bo uporabljal osebnih podatkov, vklju\u010dno s kontaktnimi informacijami, za nobene druge namene ter jih brez izrecnega vnaprej\u0161njega dovoljenja posameznika, na katerega se osebni podatki nana\u0161ajo, posredoval tretjim osebam, razen \u010de bi bil k temu zavezan na podlagi predpisov.<\/p>\n\n<p>Ob obisku spletne strani se nekateri podatki (npr. datum, \u010das, naslov strani, s katere prihajate) shranijo na stre\u017enik. Ti podatki so anonimni in se uporabljajo zgolj za statisti\u010dne obdelave.<\/p>\n\n<p>Ponudnik izvaja potrebne organizacijske, tehni\u010dne in logisti\u010dno-tehni\u010dne postopke in ukrepe, s katerimi varujejo osebni podatke, prepre\u010duje slu\u010dajno ali namerno nepoobla\u0161\u010deno uni\u010devanje podatkov, njihovo spremembo ali izgubo ter nepoobla\u0161\u010deno obdelavo.<\/p>\n\n<p>Ponudnik se zavezuje, da bo varoval vse zasebne podatke uporabnika v skladu z dolo\u010dili Zakona o varstvu osebnih podatkov (ZVOP-1) in Splo\u0161no uredbo EU o varstvu podatkov (GDPR). Vsi osebni podatki uporabnika spletne trgovine so zaupni in ne bodo v nobenem primeru posredovani nepoobla\u0161\u010denim osebam.<\/p>\n\n<p>Ve\u010dino strani v spletni trgovini se lahko obi\u0161\u010de, ne da bi morali razkriti svoje osebne podatke, na primer ime, naslov in elektronski naslov. Kljub temu pa se nekatere informacije pridobivajo samodejno z uporabo pi\u0161kotkov in spletnih signalov (\u00bbpixel tags\u00ab) ter standardnih orodij v spletni industriji. Uporaba pi\u0161kotkov in spletnih signalov omogo\u010da prepoznati posameznem IP-naslov, vrsto brskalnika, ki ga obiskovalec spletne strani uporablja, in splo\u0161no aktivnost obiskovalca na spletu.<\/p>\n\n<p>Za nakup v na\u0161i spletni trgovini je potrebno zbiranje nekaterih va\u0161ih osebnih podatkov. Podatkov, ki nam jih boste posredovali, ne posredujemo tretjim osebam, razen za namen potrditve veljavnosti nakupa in dostave izdelkov. Ponudnik izvaja vse potrebne ukrepe za varovanje zaupnosti osebnih podatkov v skladu z ZVOP-1 in Splo\u0161no uredbo EU o varstvu podatkov.<\/p>\n\n<p>Z nakupom v spletni trgovini izrecno sogla\u0161ate, da va\u0161e osebne podatke, ki jih posredujete ob naro\u010dilu (ime, priimek, naslov, e-naslov, telefon) shranimo in jih uporabljamo izklju\u010dno za potrebe izpolnitve naro\u010dila, va\u0161 e-naslov pa lahko uporabljamo za neposredno tr\u017eenje na\u0161ih enakih ali podobnih izdelkov ali storitev, kot ste jih kupili v spletni trgovini. Ob prvem obisku lahko zavrnete pi\u0161kotke, s pomo\u010djo katerih se nalagajo va\u0161i podatki na brskalniku. \u010ce se strinjate z uporabo, potrjujete, da ste prebrali Pogoje uporabe in dajete soglasje k zbiranju in uporabi osebnih podatkov.<\/p>\n\n<p><strong>5. AVTORSKE PRAVICE<\/strong><\/p>\n\n<p>Vsebine, grafi\u010dni in drugi elementi na spletni strani so avtorsko za\u0161\u010ditene in last upravljalca spletne strani, razen tistih, ki so druga\u010de ozna\u010dene v teh splo\u0161nih pogojih ali neposredno ob vsebini oz. elementu.<\/p>\n\n<p>6. <strong>KONTAKTNI PODATKI<\/strong><\/p>\n\n<p>\u010ce ste odkrili napako, to\u010dnost, a\u017eurnost ali drugo pomanjkljivost na spletni strani, nam to prosim, sporo\u010dite na info@tecos.si. Na isti naslov nam lahko sporo\u010dite tudi svoje zahteve za umik va\u0161ih osebnih podatkov s spletne strani.<\/p>\n\n<p>Vsak posameznik lahko od ponudnika zahteva, da umakne na spletni strani objavljene njegove osebne podatke, kar zajema tudi slikovni ali video posnetek, na katerem se posameznik pojavi. Ponudnik bo v tem primeru osebne podatke nemudoma umaknil iz spletne strani.<\/p>\n\n<p>Celje; 25. Marec 2022<\/p>\n","protected":false},"excerpt":{"rendered":"<p>Splo\u0161ni pogoji uporabe spletne strani tecos.si 1. SPLO\u0160NE DOLO\u010cBE Ponudnik spletne strani: www.tecos.si Naziv podjetja: TECOS Razvojni center orodjarstva Slovenije [&hellip;]<\/p>\n","protected":false},"author":1,"featured_media":0,"parent":0,"menu_order":0,"comment_status":"closed","ping_status":"closed","template":"","meta":{"inline_featured_image":false,"footnotes":""},"class_list":["post-18432","page","type-page","status-publish","hentry"],"yoast_head":"<!-- This site is optimized with the Yoast SEO plugin v22.8 - https:\/\/yoast.com\/wordpress\/plugins\/seo\/ -->\n<title>Gesch\u00e4ftsbedingungen - TECOS<\/title>\n<meta name=\"robots\" content=\"index, follow, max-snippet:-1, max-image-preview:large, max-video-preview:-1\" \/>\n<link rel=\"canonical\" href=\"https:\/\/tecos.si\/de\/geschaeftsbedingungen\/\" \/>\n<meta property=\"og:locale\" content=\"de_DE\" \/>\n<meta property=\"og:type\" content=\"article\" \/>\n<meta property=\"og:title\" content=\"Gesch\u00e4ftsbedingungen - TECOS\" \/>\n<meta property=\"og:description\" content=\"Splo\u0161ni pogoji uporabe spletne strani tecos.si 1. SPLO\u0160NE DOLO\u010cBE Ponudnik spletne strani: www.tecos.si Naziv podjetja: TECOS Razvojni center orodjarstva Slovenije [&hellip;]\" \/>\n<meta property=\"og:url\" content=\"https:\/\/tecos.si\/de\/geschaeftsbedingungen\/\" \/>\n<meta property=\"og:site_name\" content=\"TECOS\" \/>\n<meta property=\"article:modified_time\" content=\"2023-11-28T21:47:14+00:00\" \/>\n<meta name=\"twitter:card\" content=\"summary_large_image\" \/>\n<meta name=\"twitter:label1\" content=\"Gesch\u00e4tzte Lesezeit\" \/>\n\t<meta name=\"twitter:data1\" content=\"5\u00a0Minuten\" \/>\n<script type=\"application\/ld+json\" class=\"yoast-schema-graph\">{\"@context\":\"https:\/\/schema.org\",\"@graph\":[{\"@type\":\"WebPage\",\"@id\":\"https:\/\/tecos.si\/de\/geschaeftsbedingungen\/\",\"url\":\"https:\/\/tecos.si\/de\/geschaeftsbedingungen\/\",\"name\":\"Gesch\u00e4ftsbedingungen - TECOS\",\"isPartOf\":{\"@id\":\"https:\/\/tecos.si\/#website\"},\"datePublished\":\"2022-03-22T08:13:35+00:00\",\"dateModified\":\"2023-11-28T21:47:14+00:00\",\"breadcrumb\":{\"@id\":\"https:\/\/tecos.si\/de\/geschaeftsbedingungen\/#breadcrumb\"},\"inLanguage\":\"de\",\"potentialAction\":[{\"@type\":\"ReadAction\",\"target\":[\"https:\/\/tecos.si\/de\/geschaeftsbedingungen\/\"]}]},{\"@type\":\"BreadcrumbList\",\"@id\":\"https:\/\/tecos.si\/de\/geschaeftsbedingungen\/#breadcrumb\",\"itemListElement\":[{\"@type\":\"ListItem\",\"position\":1,\"name\":\"Home\",\"item\":\"https:\/\/tecos.si\/de\/\"},{\"@type\":\"ListItem\",\"position\":2,\"name\":\"Gesch\u00e4ftsbedingungen\"}]},{\"@type\":\"WebSite\",\"@id\":\"https:\/\/tecos.si\/#website\",\"url\":\"https:\/\/tecos.si\/\",\"name\":\"TECOS\",\"description\":\"Celovite re\u0161itve za industrijo.\",\"publisher\":{\"@id\":\"https:\/\/tecos.si\/#organization\"},\"potentialAction\":[{\"@type\":\"SearchAction\",\"target\":{\"@type\":\"EntryPoint\",\"urlTemplate\":\"https:\/\/tecos.si\/?s={search_term_string}\"},\"query-input\":\"required name=search_term_string\"}],\"inLanguage\":\"de\"},{\"@type\":\"Organization\",\"@id\":\"https:\/\/tecos.si\/#organization\",\"name\":\"Tecos\",\"url\":\"https:\/\/tecos.si\/\",\"logo\":{\"@type\":\"ImageObject\",\"inLanguage\":\"de\",\"@id\":\"https:\/\/tecos.si\/#\/schema\/logo\/image\/\",\"url\":\"https:\/\/tecos.si\/wp-content\/uploads\/2022\/05\/cropped-Nov-Projekt-30.png\",\"contentUrl\":\"https:\/\/tecos.si\/wp-content\/uploads\/2022\/05\/cropped-Nov-Projekt-30.png\",\"width\":512,\"height\":512,\"caption\":\"Tecos\"},\"image\":{\"@id\":\"https:\/\/tecos.si\/#\/schema\/logo\/image\/\"}}]}<\/script>\n<!-- \/ Yoast SEO plugin. -->","yoast_head_json":{"title":"Gesch\u00e4ftsbedingungen - TECOS","robots":{"index":"index","follow":"follow","max-snippet":"max-snippet:-1","max-image-preview":"max-image-preview:large","max-video-preview":"max-video-preview:-1"},"canonical":"https:\/\/tecos.si\/de\/geschaeftsbedingungen\/","og_locale":"de_DE","og_type":"article","og_title":"Gesch\u00e4ftsbedingungen - TECOS","og_description":"Splo\u0161ni pogoji uporabe spletne strani tecos.si 1. SPLO\u0160NE DOLO\u010cBE Ponudnik spletne strani: www.tecos.si Naziv podjetja: TECOS Razvojni center orodjarstva Slovenije [&hellip;]","og_url":"https:\/\/tecos.si\/de\/geschaeftsbedingungen\/","og_site_name":"TECOS","article_modified_time":"2023-11-28T21:47:14+00:00","twitter_card":"summary_large_image","twitter_misc":{"Gesch\u00e4tzte Lesezeit":"5\u00a0Minuten"},"schema":{"@context":"https:\/\/schema.org","@graph":[{"@type":"WebPage","@id":"https:\/\/tecos.si\/de\/geschaeftsbedingungen\/","url":"https:\/\/tecos.si\/de\/geschaeftsbedingungen\/","name":"Gesch\u00e4ftsbedingungen - TECOS","isPartOf":{"@id":"https:\/\/tecos.si\/#website"},"datePublished":"2022-03-22T08:13:35+00:00","dateModified":"2023-11-28T21:47:14+00:00","breadcrumb":{"@id":"https:\/\/tecos.si\/de\/geschaeftsbedingungen\/#breadcrumb"},"inLanguage":"de","potentialAction":[{"@type":"ReadAction","target":["https:\/\/tecos.si\/de\/geschaeftsbedingungen\/"]}]},{"@type":"BreadcrumbList","@id":"https:\/\/tecos.si\/de\/geschaeftsbedingungen\/#breadcrumb","itemListElement":[{"@type":"ListItem","position":1,"name":"Home","item":"https:\/\/tecos.si\/de\/"},{"@type":"ListItem","position":2,"name":"Gesch\u00e4ftsbedingungen"}]},{"@type":"WebSite","@id":"https:\/\/tecos.si\/#website","url":"https:\/\/tecos.si\/","name":"TECOS","description":"Celovite re\u0161itve za industrijo.","publisher":{"@id":"https:\/\/tecos.si\/#organization"},"potentialAction":[{"@type":"SearchAction","target":{"@type":"EntryPoint","urlTemplate":"https:\/\/tecos.si\/?s={search_term_string}"},"query-input":"required name=search_term_string"}],"inLanguage":"de"},{"@type":"Organization","@id":"https:\/\/tecos.si\/#organization","name":"Tecos","url":"https:\/\/tecos.si\/","logo":{"@type":"ImageObject","inLanguage":"de","@id":"https:\/\/tecos.si\/#\/schema\/logo\/image\/","url":"https:\/\/tecos.si\/wp-content\/uploads\/2022\/05\/cropped-Nov-Projekt-30.png","contentUrl":"https:\/\/tecos.si\/wp-content\/uploads\/2022\/05\/cropped-Nov-Projekt-30.png","width":512,"height":512,"caption":"Tecos"},"image":{"@id":"https:\/\/tecos.si\/#\/schema\/logo\/image\/"}}]}},"_links":{"self":[{"href":"https:\/\/tecos.si\/de\/wp-json\/wp\/v2\/pages\/18432","targetHints":{"allow":["GET"]}}],"collection":[{"href":"https:\/\/tecos.si\/de\/wp-json\/wp\/v2\/pages"}],"about":[{"href":"https:\/\/tecos.si\/de\/wp-json\/wp\/v2\/types\/page"}],"author":[{"embeddable":true,"href":"https:\/\/tecos.si\/de\/wp-json\/wp\/v2\/users\/1"}],"replies":[{"embeddable":true,"href":"https:\/\/tecos.si\/de\/wp-json\/wp\/v2\/comments?post=18432"}],"version-history":[{"count":1,"href":"https:\/\/tecos.si\/de\/wp-json\/wp\/v2\/pages\/18432\/revisions"}],"predecessor-version":[{"id":18433,"href":"https:\/\/tecos.si\/de\/wp-json\/wp\/v2\/pages\/18432\/revisions\/18433"}],"wp:attachment":[{"href":"https:\/\/tecos.si\/de\/wp-json\/wp\/v2\/media?parent=18432"}],"curies":[{"name":"wp","href":"https:\/\/api.w.org\/{rel}","templated":true}]}}