{"id":15654,"date":"2021-11-29T10:25:28","date_gmt":"2021-11-29T10:25:28","guid":{"rendered":"https:\/\/tecos.si\/mitgliedschaft\/"},"modified":"2022-08-08T11:25:23","modified_gmt":"2022-08-08T11:25:23","slug":"mitgliedschaft","status":"publish","type":"page","link":"https:\/\/tecos.si\/de\/mitgliedschaft\/","title":{"rendered":"Mitgliedschaft"},"content":{"rendered":"<p>[vc_row kd_background_image_position=&#8221;vc_row-bg-position-top&#8221; css=&#8221;.vc_custom_1640091339502{padding-top: 40px !important;padding-right: 70px !important;padding-left: 70px !important;}&#8221;][vc_column][vc_row_inner kd_background_image_position=&#8221;vc_row-bg-position-top&#8221;][vc_column_inner]<header class=\"kd-section-title col-lg-12 text-left solid-line sep-border-width-2  subtitle-below-title kd-animated fadeIn   vc_custom_1638181582285\" data-animation-delay=200><h2 class=\"separator_on\" >Wir verbinden den slowenischen Werkzeugbau und die materialverarbeitende Industrie<\/h2><div class=\"kd-separator below_title\" ><div class=\"kd-separator-line\" ><\/div><\/div><h6 class=\"subtitle\" >TECOS ist der Hauptverband der slowenischen Werkzeugmacher. Wir verbinden Unternehmen, die sich bewusst sind, dass Wissen und Zusammenarbeit in der heutigen dynamischen Informationsgesellschaft von gr\u00f6\u00dfter Bedeutung sind. Spezifische Position und gute Verbindungen zu etablierten Institutionen im In- und Ausland erm\u00f6glichen uns einen guten \u00dcberblick \u00fcber neueste Trends im Bereich des Werkzeug- und Maschinenbaus im Allgemeinen.<\/h6><\/header>[vc_column_text]<\/p>\n<ul class=\"no_bullet\">\n<li>Vermittlung von Angeboten und Nachfragen (Anfragen) f\u00fcr Werkzeuge, Produkte &amp; Dienstleistungen<\/li>\n<li>gemeinsame Werbeaktivit\u00e4ten im Ausland (Messen, unternehmerischer Delegationen)<\/li>\n<li>Organisation von Netzwerkveranstaltungen Vertretung von Mitgliederderinteressen im In- und Ausland<\/li>\n<li>Handelsnachl\u00e4sse f\u00fcr unsere Dienstleistungen<\/li>\n<li>komercialni popusti na na\u0161e storitve<\/li>\n<\/ul>\n<p>[\/vc_column_text]<header class=\"kd-section-title col-lg-12 text-left solid-line sep-border-width-2  subtitle-below-title kd-animated fadeIn   vc_custom_1638184336597\" data-animation-delay=200><h2 class=\"separator_on\" >TECOS ist die richtige Adresse f\u00fcr die Vertretung Ihrer Interessen!<\/h2><div class=\"kd-separator below_title\" ><div class=\"kd-separator-line\" ><\/div><\/div><\/header>[vc_column_text]<\/p>\n<ul class=\"no_bullet\">\n<li>nationale Koordinatoren f\u00fcr ISTMA (International Special Tooling and Machining Association)<\/li>\n<li>Know-How zu Besonderheiten der Werkzeugbau- und Materialverarbeitungsbranche<\/li>\n<li>hervorragende Verbindungen zu Schwesterorganisationen im Ausland<\/li>\n<li>Zusammenarbeit mit der slowenischen Handelskammer, der Kammer f\u00fcr Handwerk und Kleinunternehmen, SPIRIT Slowenien und der slowenischen Diplomatie auf Hauptm\u00e4rkten erschwingliche Mitgliedsbeitr\u00e4ge<\/li>\n<li>\u010dlanom omogo\u010damo dostopno \u010dlanarino<\/li>\n<\/ul>\n<p>[\/vc_column_text][\/vc_column_inner][\/vc_row_inner][vc_row_inner kd_background_image_position=&#8221;vc_row-bg-position-top&#8221;][vc_column_inner width=&#8221;2\/3&#8243;]<header class=\"kd-section-title col-lg-12 text-left solid-line sep-border-width-2  subtitle-below-title kd-animated fadeIn   vc_custom_1638184438586\" data-animation-delay=200><h2 class=\"separator_on\" >ISTMA<\/h2><div class=\"kd-separator below_title\" ><div class=\"kd-separator-line\" ><\/div><\/div><\/header>[vc_column_text]TECOS ist Koordinator f\u00fcr Slowenien bei der International Special Tooling and Machining Association.<br \/>\nErfahren Sie mehr \u00fcber die ISTMA-Aktivit\u00e4ten.[\/vc_column_text][\/vc_column_inner][vc_column_inner width=&#8221;1\/3&#8243;][vc_single_image image=&#8221;9877&#8243; img_size=&#8221;full&#8221; alignment=&#8221;center&#8221; css=&#8221;.vc_custom_1638184567886{padding-top: 70px !important;}&#8221;][\/vc_column_inner][\/vc_row_inner][\/vc_column][\/vc_row][vc_row full_width=&#8221;stretch_row&#8221; kd_background_image_position=&#8221;vc_row-bg-position-top&#8221; css=&#8221;.vc_custom_1642019363373{padding-top: 100px !important;}&#8221;][vc_column css=&#8221;.vc_custom_1516008233239{padding-right: 0px !important;padding-left: 0px !important;}&#8221;]<header class=\"kd-section-title col-lg-12 text-center  subtitle-below-title kd-animated fadeIn   vc_custom_1642018773281\" data-animation-delay=200><h2 class=\"separator_off\" >Mehr erfahren<\/h2><h6 class=\"subtitle\" >Schulungen und Mitgliedschaft<\/h6><\/header>[vc_row_inner kd_background_image_position=&#8221;vc_row-bg-position-top&#8221; css=&#8221;.vc_custom_1598637839887{padding-bottom: 30px !important;}&#8221; css_tablet_portrait=&#8221;.vc_custom_1598637839888{padding-bottom: 0px !important;}&#8221; css_mobile=&#8221;.vc_custom_1598637839889{padding-bottom: 0px !important;}&#8221; css_tablet_landscape=&#8221;.vc_custom_1598637839888{padding-bottom: 0px !important;}&#8221;][vc_column_inner width=&#8221;1\/3&#8243;]<div class=\"key-icon-box icon-default icon-left cont-left ib-hover-2 with-shadow      kd-animated fadeInUp\" style=\"background-color: transparent;\" data-animation-delay=200><a href=\"https:\/\/tecos.si\/clanstvo-2\/\" target=\"_self\"><div class=\"ib-wrapper\" style=\"padding-top:45px;padding-bottom:45px;padding-left:35px;padding-right:35px;\"><i class=\"iconsmind-People-onCloud iconsmind-Cloud-Class\" style=\"font-size: 40px;font-weight: 400;\"><\/i> <h5 class=\"service-heading\" >Mitgliedschaft<\/h5><\/div><\/a><\/div>[\/vc_column_inner][vc_column_inner width=&#8221;1\/3&#8243;]<div class=\"key-icon-box icon-default icon-left cont-left ib-hover-2 with-shadow      kd-animated fadeInUp\" style=\"background-color: transparent;\" ><a href=\"https:\/\/tecos.si\/usposabljanja\/\" target=\"_self\"><div class=\"ib-wrapper\" style=\"padding-top:45px;padding-bottom:45px;padding-left:35px;padding-right:35px;\"><i class=\"iconsmind-Network-Window iconsmind-Windows-Class\" style=\"font-size: 40px;font-weight: 400;\"><\/i> <h5 class=\"service-heading\" >Liste der Schulungen<\/h5><\/div><\/a><\/div>[\/vc_column_inner][vc_column_inner width=&#8221;1\/3&#8243;]<div class=\"key-icon-box icon-default icon-left cont-left ib-hover-2 with-shadow      kd-animated fadeInUp\" style=\"background-color: transparent;\" data-animation-delay=400><a href=\"https:\/\/tecos.si\/usposabljanje-po-meri\/\" target=\"_self\"><div class=\"ib-wrapper\" style=\"padding-top:45px;padding-bottom:45px;padding-left:35px;padding-right:35px;\"><i class=\"iconsmind-Equalizer iconsmind-Music\" style=\"font-size: 40px;font-weight: 400;\"><\/i> <h5 class=\"service-heading\" >Ma\u00dfgeschneiderte Schulungen<\/h5><\/div><\/a><\/div>[\/vc_column_inner][\/vc_row_inner][vc_row_inner kd_background_image_position=&#8221;vc_row-bg-position-top&#8221; css=&#8221;.vc_custom_1597670116803{padding-bottom: 100px !important;}&#8221;][vc_column_inner width=&#8221;1\/3&#8243;]<div class=\"key-icon-box icon-default icon-left cont-left ib-hover-2 with-shadow      kd-animated fadeInUp\" style=\"background-color: transparent;\" ><a href=\"https:\/\/tecos.si\/najem-predavalnice\/\" target=\"_self\"><div class=\"ib-wrapper\" style=\"padding-top:45px;padding-bottom:45px;padding-left:35px;padding-right:35px;\"><i class=\"iconsmind-Projector iconsmind-Hardware\" style=\"font-size: 40px;font-weight: 400;\"><\/i> <h5 class=\"service-heading\" >H\u00f6rsaalbuchung<\/h5><\/div><\/a><\/div>[\/vc_column_inner][vc_column_inner width=&#8221;1\/3&#8243;]<div class=\"key-icon-box icon-default icon-left cont-left ib-hover-2 with-shadow      kd-animated fadeInUp\" style=\"background-color: transparent;\" data-animation-delay=200><a href=\"https:\/\/tecos.si\/seznam-clanov\/\" target=\"_self\"><div class=\"ib-wrapper\" style=\"padding-top:45px;padding-bottom:45px;padding-left:35px;padding-right:35px;\"><i class=\"iconsmind-Big-Data iconsmind-Database\" style=\"font-size: 40px;font-weight: 400;\"><\/i> <h5 class=\"service-heading\" >Mitgliederliste<\/h5><\/div><\/a><\/div>[\/vc_column_inner][vc_column_inner width=&#8221;1\/3&#8243;]<div class=\"key-icon-box icon-default icon-left cont-left ib-hover-2 with-shadow      kd-animated fadeInUp\" style=\"background-color: transparent;\" data-animation-delay=400><a href=\"https:\/\/tecos.si\/de\/mitgliedsbeitrag\/\" target=\"_self\"><div class=\"ib-wrapper\" style=\"padding-top:45px;padding-bottom:45px;padding-left:35px;padding-right:35px;\"><i class=\"iconsmind-Money iconsmind-Business-Finance\" style=\"font-size: 40px;font-weight: 400;\"><\/i> <h5 class=\"service-heading\" >Mitgliedsbeitrag<\/h5><\/div><\/a><\/div>[\/vc_column_inner][\/vc_row_inner][\/vc_column][\/vc_row]<\/p>\n","protected":false},"excerpt":{"rendered":"<p>[vc_row kd_background_image_position=&#8221;vc_row-bg-position-top&#8221; css=&#8221;.vc_custom_1640091339502{padding-top: 40px !important;padding-right: 70px !important;padding-left: 70px !important;}&#8221;][vc_column][vc_row_inner kd_background_image_position=&#8221;vc_row-bg-position-top&#8221;][vc_column_inner][vc_column_text] Vermittlung von Angeboten und Nachfragen (Anfragen) f\u00fcr Werkzeuge, Produkte &amp; [&hellip;]<\/p>\n","protected":false},"author":1,"featured_media":14911,"parent":0,"menu_order":0,"comment_status":"closed","ping_status":"closed","template":"","meta":{"inline_featured_image":false,"footnotes":""},"class_list":["post-15654","page","type-page","status-publish","has-post-thumbnail","hentry"],"yoast_head":"<!-- This site is optimized with the Yoast SEO plugin v22.8 - https:\/\/yoast.com\/wordpress\/plugins\/seo\/ -->\n<title>Mitgliedschaft - TECOS<\/title>\n<meta name=\"robots\" content=\"index, follow, max-snippet:-1, max-image-preview:large, max-video-preview:-1\" \/>\n<link rel=\"canonical\" href=\"https:\/\/tecos.si\/de\/mitgliedschaft\/\" \/>\n<meta property=\"og:locale\" content=\"de_DE\" \/>\n<meta property=\"og:type\" content=\"article\" \/>\n<meta property=\"og:title\" content=\"Mitgliedschaft - TECOS\" \/>\n<meta property=\"og:description\" content=\"[vc_row kd_background_image_position=&#8221;vc_row-bg-position-top&#8221; css=&#8221;.vc_custom_1640091339502{padding-top: 40px !important;padding-right: 70px !important;padding-left: 70px !important;}&#8221;][vc_column][vc_row_inner kd_background_image_position=&#8221;vc_row-bg-position-top&#8221;][vc_column_inner][vc_column_text] Vermittlung von Angeboten und Nachfragen (Anfragen) f\u00fcr Werkzeuge, Produkte &amp; [&hellip;]\" \/>\n<meta property=\"og:url\" content=\"https:\/\/tecos.si\/de\/mitgliedschaft\/\" \/>\n<meta property=\"og:site_name\" content=\"TECOS\" \/>\n<meta property=\"article:modified_time\" content=\"2022-08-08T11:25:23+00:00\" \/>\n<meta property=\"og:image\" content=\"https:\/\/tecos.si\/wp-content\/uploads\/2021\/12\/Component-22.jpg\" \/>\n\t<meta property=\"og:image:width\" content=\"2560\" \/>\n\t<meta property=\"og:image:height\" content=\"496\" \/>\n\t<meta property=\"og:image:type\" content=\"image\/jpeg\" \/>\n<meta name=\"twitter:card\" content=\"summary_large_image\" \/>\n<meta name=\"twitter:label1\" content=\"Gesch\u00e4tzte Lesezeit\" \/>\n\t<meta name=\"twitter:data1\" content=\"6\u00a0Minuten\" \/>\n<script type=\"application\/ld+json\" class=\"yoast-schema-graph\">{\"@context\":\"https:\/\/schema.org\",\"@graph\":[{\"@type\":\"WebPage\",\"@id\":\"https:\/\/tecos.si\/de\/mitgliedschaft\/\",\"url\":\"https:\/\/tecos.si\/de\/mitgliedschaft\/\",\"name\":\"Mitgliedschaft - TECOS\",\"isPartOf\":{\"@id\":\"https:\/\/tecos.si\/#website\"},\"primaryImageOfPage\":{\"@id\":\"https:\/\/tecos.si\/de\/mitgliedschaft\/#primaryimage\"},\"image\":{\"@id\":\"https:\/\/tecos.si\/de\/mitgliedschaft\/#primaryimage\"},\"thumbnailUrl\":\"https:\/\/tecos.si\/wp-content\/uploads\/2021\/12\/Component-22.jpg\",\"datePublished\":\"2021-11-29T10:25:28+00:00\",\"dateModified\":\"2022-08-08T11:25:23+00:00\",\"breadcrumb\":{\"@id\":\"https:\/\/tecos.si\/de\/mitgliedschaft\/#breadcrumb\"},\"inLanguage\":\"de\",\"potentialAction\":[{\"@type\":\"ReadAction\",\"target\":[\"https:\/\/tecos.si\/de\/mitgliedschaft\/\"]}]},{\"@type\":\"ImageObject\",\"inLanguage\":\"de\",\"@id\":\"https:\/\/tecos.si\/de\/mitgliedschaft\/#primaryimage\",\"url\":\"https:\/\/tecos.si\/wp-content\/uploads\/2021\/12\/Component-22.jpg\",\"contentUrl\":\"https:\/\/tecos.si\/wp-content\/uploads\/2021\/12\/Component-22.jpg\",\"width\":2560,\"height\":496},{\"@type\":\"BreadcrumbList\",\"@id\":\"https:\/\/tecos.si\/de\/mitgliedschaft\/#breadcrumb\",\"itemListElement\":[{\"@type\":\"ListItem\",\"position\":1,\"name\":\"Home\",\"item\":\"https:\/\/tecos.si\/de\/\"},{\"@type\":\"ListItem\",\"position\":2,\"name\":\"Mitgliedschaft\"}]},{\"@type\":\"WebSite\",\"@id\":\"https:\/\/tecos.si\/#website\",\"url\":\"https:\/\/tecos.si\/\",\"name\":\"TECOS\",\"description\":\"Celovite re\u0161itve za industrijo.\",\"publisher\":{\"@id\":\"https:\/\/tecos.si\/#organization\"},\"potentialAction\":[{\"@type\":\"SearchAction\",\"target\":{\"@type\":\"EntryPoint\",\"urlTemplate\":\"https:\/\/tecos.si\/?s={search_term_string}\"},\"query-input\":\"required name=search_term_string\"}],\"inLanguage\":\"de\"},{\"@type\":\"Organization\",\"@id\":\"https:\/\/tecos.si\/#organization\",\"name\":\"Tecos\",\"url\":\"https:\/\/tecos.si\/\",\"logo\":{\"@type\":\"ImageObject\",\"inLanguage\":\"de\",\"@id\":\"https:\/\/tecos.si\/#\/schema\/logo\/image\/\",\"url\":\"https:\/\/tecos.si\/wp-content\/uploads\/2022\/05\/cropped-Nov-Projekt-30.png\",\"contentUrl\":\"https:\/\/tecos.si\/wp-content\/uploads\/2022\/05\/cropped-Nov-Projekt-30.png\",\"width\":512,\"height\":512,\"caption\":\"Tecos\"},\"image\":{\"@id\":\"https:\/\/tecos.si\/#\/schema\/logo\/image\/\"}}]}<\/script>\n<!-- \/ Yoast SEO plugin. -->","yoast_head_json":{"title":"Mitgliedschaft - TECOS","robots":{"index":"index","follow":"follow","max-snippet":"max-snippet:-1","max-image-preview":"max-image-preview:large","max-video-preview":"max-video-preview:-1"},"canonical":"https:\/\/tecos.si\/de\/mitgliedschaft\/","og_locale":"de_DE","og_type":"article","og_title":"Mitgliedschaft - TECOS","og_description":"[vc_row kd_background_image_position=&#8221;vc_row-bg-position-top&#8221; css=&#8221;.vc_custom_1640091339502{padding-top: 40px !important;padding-right: 70px !important;padding-left: 70px !important;}&#8221;][vc_column][vc_row_inner kd_background_image_position=&#8221;vc_row-bg-position-top&#8221;][vc_column_inner][vc_column_text] Vermittlung von Angeboten und Nachfragen (Anfragen) f\u00fcr Werkzeuge, Produkte &amp; [&hellip;]","og_url":"https:\/\/tecos.si\/de\/mitgliedschaft\/","og_site_name":"TECOS","article_modified_time":"2022-08-08T11:25:23+00:00","og_image":[{"width":2560,"height":496,"url":"https:\/\/tecos.si\/wp-content\/uploads\/2021\/12\/Component-22.jpg","type":"image\/jpeg"}],"twitter_card":"summary_large_image","twitter_misc":{"Gesch\u00e4tzte Lesezeit":"6\u00a0Minuten"},"schema":{"@context":"https:\/\/schema.org","@graph":[{"@type":"WebPage","@id":"https:\/\/tecos.si\/de\/mitgliedschaft\/","url":"https:\/\/tecos.si\/de\/mitgliedschaft\/","name":"Mitgliedschaft - TECOS","isPartOf":{"@id":"https:\/\/tecos.si\/#website"},"primaryImageOfPage":{"@id":"https:\/\/tecos.si\/de\/mitgliedschaft\/#primaryimage"},"image":{"@id":"https:\/\/tecos.si\/de\/mitgliedschaft\/#primaryimage"},"thumbnailUrl":"https:\/\/tecos.si\/wp-content\/uploads\/2021\/12\/Component-22.jpg","datePublished":"2021-11-29T10:25:28+00:00","dateModified":"2022-08-08T11:25:23+00:00","breadcrumb":{"@id":"https:\/\/tecos.si\/de\/mitgliedschaft\/#breadcrumb"},"inLanguage":"de","potentialAction":[{"@type":"ReadAction","target":["https:\/\/tecos.si\/de\/mitgliedschaft\/"]}]},{"@type":"ImageObject","inLanguage":"de","@id":"https:\/\/tecos.si\/de\/mitgliedschaft\/#primaryimage","url":"https:\/\/tecos.si\/wp-content\/uploads\/2021\/12\/Component-22.jpg","contentUrl":"https:\/\/tecos.si\/wp-content\/uploads\/2021\/12\/Component-22.jpg","width":2560,"height":496},{"@type":"BreadcrumbList","@id":"https:\/\/tecos.si\/de\/mitgliedschaft\/#breadcrumb","itemListElement":[{"@type":"ListItem","position":1,"name":"Home","item":"https:\/\/tecos.si\/de\/"},{"@type":"ListItem","position":2,"name":"Mitgliedschaft"}]},{"@type":"WebSite","@id":"https:\/\/tecos.si\/#website","url":"https:\/\/tecos.si\/","name":"TECOS","description":"Celovite re\u0161itve za industrijo.","publisher":{"@id":"https:\/\/tecos.si\/#organization"},"potentialAction":[{"@type":"SearchAction","target":{"@type":"EntryPoint","urlTemplate":"https:\/\/tecos.si\/?s={search_term_string}"},"query-input":"required name=search_term_string"}],"inLanguage":"de"},{"@type":"Organization","@id":"https:\/\/tecos.si\/#organization","name":"Tecos","url":"https:\/\/tecos.si\/","logo":{"@type":"ImageObject","inLanguage":"de","@id":"https:\/\/tecos.si\/#\/schema\/logo\/image\/","url":"https:\/\/tecos.si\/wp-content\/uploads\/2022\/05\/cropped-Nov-Projekt-30.png","contentUrl":"https:\/\/tecos.si\/wp-content\/uploads\/2022\/05\/cropped-Nov-Projekt-30.png","width":512,"height":512,"caption":"Tecos"},"image":{"@id":"https:\/\/tecos.si\/#\/schema\/logo\/image\/"}}]}},"_links":{"self":[{"href":"https:\/\/tecos.si\/de\/wp-json\/wp\/v2\/pages\/15654","targetHints":{"allow":["GET"]}}],"collection":[{"href":"https:\/\/tecos.si\/de\/wp-json\/wp\/v2\/pages"}],"about":[{"href":"https:\/\/tecos.si\/de\/wp-json\/wp\/v2\/types\/page"}],"author":[{"embeddable":true,"href":"https:\/\/tecos.si\/de\/wp-json\/wp\/v2\/users\/1"}],"replies":[{"embeddable":true,"href":"https:\/\/tecos.si\/de\/wp-json\/wp\/v2\/comments?post=15654"}],"version-history":[{"count":2,"href":"https:\/\/tecos.si\/de\/wp-json\/wp\/v2\/pages\/15654\/revisions"}],"predecessor-version":[{"id":15656,"href":"https:\/\/tecos.si\/de\/wp-json\/wp\/v2\/pages\/15654\/revisions\/15656"}],"wp:featuredmedia":[{"embeddable":true,"href":"https:\/\/tecos.si\/de\/wp-json\/wp\/v2\/media\/14911"}],"wp:attachment":[{"href":"https:\/\/tecos.si\/de\/wp-json\/wp\/v2\/media?parent=15654"}],"curies":[{"name":"wp","href":"https:\/\/api.w.org\/{rel}","templated":true}]}}